{"id":9641,"date":"2023-07-25T15:10:59","date_gmt":"2023-07-25T13:10:59","guid":{"rendered":"https:\/\/berenice-harivel.fr\/?page_id=9641"},"modified":"2024-03-20T16:52:02","modified_gmt":"2024-03-20T15:52:02","slug":"mentions-legales","status":"publish","type":"page","link":"https:\/\/berenice-harivel.fr\/index.php\/mentions-legales\/","title":{"rendered":"Mentions l\u00e9gales"},"content":{"rendered":"\t\t<div data-elementor-type=\"wp-page\" data-elementor-id=\"9641\" class=\"elementor elementor-9641\">\n\t\t\t\t\t\t<section class=\"elementor-section elementor-top-section elementor-element elementor-element-d321afe elementor-section-stretched elementor-section-boxed elementor-section-height-default elementor-section-height-default\" data-id=\"d321afe\" data-element_type=\"section\" data-e-type=\"section\" data-settings=\"{&quot;stretch_section&quot;:&quot;section-stretched&quot;}\">\n\t\t\t\t\t\t<div class=\"elementor-container elementor-column-gap-no\">\n\t\t\t\t\t<div class=\"elementor-column elementor-col-100 elementor-top-column elementor-element elementor-element-d30d5d2\" data-id=\"d30d5d2\" data-element_type=\"column\" data-e-type=\"column\" data-settings=\"{&quot;buzzblog_hidepaged&quot;:&quot;false&quot;}\">\n\t\t\t<div class=\"elementor-widget-wrap elementor-element-populated\">\n\t\t\t\t\t\t<div class=\"elementor-element elementor-element-27a6953 elementor-widget elementor-widget-heading\" data-id=\"27a6953\" data-element_type=\"widget\" data-e-type=\"widget\" data-settings=\"{&quot;buzzblog_hidepaged&quot;:&quot;false&quot;}\" data-widget_type=\"heading.default\">\n\t\t\t\t<div class=\"elementor-widget-container\">\n\t\t\t\t\t<h2 class=\"elementor-heading-title elementor-size-default\">Mentions l\u00e9gales<\/h2>\t\t\t\t<\/div>\n\t\t\t\t<\/div>\n\t\t\t\t<div class=\"elementor-element elementor-element-94c64ba elementor-widget elementor-widget-text-editor\" data-id=\"94c64ba\" data-element_type=\"widget\" data-e-type=\"widget\" data-settings=\"{&quot;buzzblog_hidepaged&quot;:&quot;false&quot;}\" data-widget_type=\"text-editor.default\">\n\t\t\t\t<div class=\"elementor-widget-container\">\n\t\t\t\t\t\t\t\t\t<p><strong>Coordonn\u00e9es de l\u2019\u00e9diteur du site<br><\/strong>EI B\u00e9r\u00e9nice HARIVEL<br>71 hameau Carr\u00e9, 50840 Fermanville<\/p>\n<p style=\"font-weight: 400;\">T\u00e9l&nbsp;:&nbsp;<span style=\"caret-color: rgb(33, 33, 33); color: rgb(33, 33, 33); font-family: Calibri, sans-serif; font-size: 14.6667px; letter-spacing: normal; text-align: start;\">06 74 83 22 12<\/span><br>Courriel : <a href=\"mailto:berenice.harivel@outlook.fr\" target=\"_blank\" rel=\"noopener\">berenice.harivel@outlook.fr<\/a><br>Siret :&nbsp;<span style=\"font-size: 11pt; font-family: Calibri, sans-serif; letter-spacing: normal; text-align: start;\">923&nbsp;862&nbsp;999 00011&nbsp;<br><\/span>APE :&nbsp;<span style=\"font-family: Calibri, sans-serif; font-size: 14.6667px; letter-spacing: normal; text-align: start;\">8899A<\/span><br>Directrice de la publication : B\u00e9r\u00e9nice Harivel<\/p>\n<p><strong>Coordonn\u00e9es de l\u2019h\u00e9bergeur du site<br><\/strong>OVH<br>T\u00e9l. : 09&nbsp;72&nbsp;10&nbsp;10&nbsp;07<br>Site internet :&nbsp; https:\/\/www.ovhcloud.com\/fr\/<\/p>\n<p>Pour contacter<strong>&nbsp;le service client OVH par t\u00e9l\u00e9phone&nbsp;<\/strong>vous devez composer le 1007 ou le 09&nbsp;72&nbsp;10&nbsp;10&nbsp;07 du lundi au vendredi de 8h00 \u00e0 20h00 et le samedi entre 9h00 et 17h00. Si vous vous trouvez \u00e0 l\u2019\u00e9tranger, vous pouvez composer le +33 9 72&nbsp;10&nbsp;10&nbsp;07. Ce&nbsp;<strong>num\u00e9ro de t\u00e9l\u00e9phone HP<\/strong>&nbsp;est gratuit.<\/p>\n<p><strong>Informatique et Libert\u00e9s<br><\/strong>D\u00e9claration Commission Nationale Informatique et Libert\u00e9s (CNIL) :<br>Conform\u00e9ment \u00e0 la loi du 6 janvier 1978 relative \u00e0 l\u2019informatique, aux fichiers et aux libert\u00e9s et \u00e0 l\u2019article 43 de la loi du 30 septembre 1986 modifi\u00e9e, ce site web a fait l\u2019objet d\u2019une d\u00e9claration aupr\u00e8s de la Commission Nationale Informatique et Libert\u00e9s (CNIL).<\/p>\n<p>Nous vous rappelons que vous disposez d\u2019un droit d\u2019acc\u00e8s, de modification, de rectification et de suppression des donn\u00e9es qui vous concernent (art. 34 de la loi \u00ab&nbsp;Informatique et libert\u00e9s&nbsp;\u00bb du 6 janvier 1978). Pour exercer ce droit, consulter notre page&nbsp;politique de confidentialit\u00e9.<\/p>\n<p><strong>Collecte de donn\u00e9es personnelles et Cookies<br><\/strong>Pour toute&nbsp;<strong>information&nbsp;<\/strong>sur les traitements de donn\u00e9es personnelles (RGPD) g\u00e9r\u00e9s par <strong>B\u00e9r\u00e9nice Harivel<\/strong>, consulter notre page&nbsp;Politique de confidentialit\u00e9.<\/p>\n<p><strong>Propri\u00e9t\u00e9 intellectuelle et droit de reproduction<br><\/strong>L\u2019ensemble de ce site rel\u00e8ve de la l\u00e9gislation fran\u00e7aise et internationale sur le droit d\u2019auteur et la propri\u00e9t\u00e9 intellectuelle. Tous les droits de reproduction sont r\u00e9serv\u00e9s, y compris pour les documents t\u00e9l\u00e9chargeables et les repr\u00e9sentations iconographiques et photographiques.<\/p>\n<p>Toute repr\u00e9sentation et\/ou reproduction et\/ou exploitation partielle ou totale de ce site, par quelques proc\u00e9d\u00e9s que se soient, sans l\u2019autorisation expresse et pr\u00e9alable de <strong>B\u00e9r\u00e9nice Harivel<\/strong>&nbsp;est interdite et constituerait une contrefa\u00e7on au sens des articles L 335-2 et suivants du code de la propri\u00e9t\u00e9 intellectuelle.<\/p>\n<p>Par d\u00e9rogation aux dispositions pr\u00e9c\u00e9dentes et particuli\u00e8rement pour un usage p\u00e9dagogique, la reproduction des textes de ce site sur un support papier est autoris\u00e9e, sous r\u00e9serve du respect des trois conditions suivantes :<\/p>\n<ul>\n<li>Gratuit\u00e9 de la diffusion ;<\/li>\n<li>Respect de l\u2019int\u00e9grit\u00e9 des documents reproduits : pas de modification ni alt\u00e9ration d\u2019aucune sorte, respect du droit d\u2019auteur ;<\/li>\n<li>Citation claire et lisible de la source mentionnant imp\u00e9rativement l\u2019adresse internet du site.<\/li>\n<\/ul>\n<p>Les Logos sont des marques d\u00e9pos\u00e9es. Toute repr\u00e9sentation et\/ou reproduction et\/ou exploitation partielle ou totale de ces marques est donc prohib\u00e9e sans l\u2019accord pr\u00e9alable \u00e9crit de&nbsp;<a href=\"https:\/\/stephanie-bertault.fr\/contact-stephanie-bertault\/\"><strong>St\u00e9phanie Bertault<\/strong><\/a>.<\/p>\n<p>Les liens hypertextes mis en oeuvre au sein du site en direction d\u2019autres sites et\/ou de pages personnelles et d\u2019une mani\u00e8re g\u00e9n\u00e9rale vers toutes ressources existantes sur internet ne sauraient engager la responsabilit\u00e9 de B\u00e9r\u00e9nice Harivel.<\/p>\n<p>La capture d\u2019informations nominatives pour enrichir des bases de donn\u00e9es, par exemple \u00e0 des fins commerciales ou publicitaires, est interdite.<\/p>\n<p><strong>Messagerie et envoi de courriels<br><\/strong>Les messages que vous faites parvenir par l\u2019interm\u00e9diaire de l\u2019Internet peuvent \u00eatre intercept\u00e9s sur le r\u00e9seau. Leur confidentialit\u00e9 ne peut pas \u00eatre int\u00e9gralement garantie. Aussi, prenez garde \u00e0 ne pas divulguer inutilement des informations personnelles ou sensibles dans vos courriels.<\/p>\n<p><strong>Mise en garde g\u00e9n\u00e9rale<br><\/strong>B\u00e9r\u00e9nice Harivel met tout en \u0153uvre pour offrir aux visiteurs de son site Web des informations fiables et v\u00e9rifi\u00e9s.<br>Cependant, malgr\u00e9 tous les soins apport\u00e9s, le site peut comporter des inexactitudes, des d\u00e9fauts de mise \u00e0 jour ou des erreurs typographiques.<br>Nous remercions les utilisateurs du site de nous faire part d\u2019\u00e9ventuelles omissions, erreurs ou corrections, en adressant un courriel \u00e0&nbsp;<a href=\"mailto:berenice.harivel@outlook.fr\" target=\"_blank\" rel=\"noopener\">berenice.harivel@outlook.fr<\/a><br>Les prix affich\u00e9s sur ce site sont donn\u00e9s \u00e0 titre indicatif et n\u2019engagent pas la responsabilit\u00e9 de l\u2019\u00e9diteur du site.<\/p>\n<p>Vous avez la facult\u00e9, sans autorisation pr\u00e9alable, de faire, depuis un autre site, un lien vers&nbsp;<a href=\"https:\/\/berenice-harivel.fr\/\"><strong>www.berenice-harivel.fr <\/strong><\/a>Toutefois, B\u00e9r\u00e9nice Harivel r\u00e9cuse l\u2019utilisation de \u00ab frames \u00bb qui laissent supposer aux internautes qu\u2019ils consultent un autre site que <a href=\"https:\/\/berenice-harivel.fr\/\"><strong>www.berenice-harivel.fr<\/strong><\/a><\/p>\n<p>Nous vous remercions d\u2019informer le webmestre \u2013 <a href=\"mailto:berenice.harivel@outlook.fr\" target=\"_blank\" rel=\"noopener\">berenice.harivel@outlook.fr<\/a>&nbsp;\u2013 du lien que vous avez r\u00e9alis\u00e9.<\/p>\t\t\t\t\t\t\t\t<\/div>\n\t\t\t\t<\/div>\n\t\t\t\t\t<\/div>\n\t\t<\/div>\n\t\t\t\t\t<\/div>\n\t\t<\/section>\n\t\t\t\t<\/div>\n\t\t","protected":false},"excerpt":{"rendered":"<p>Mentions l\u00e9gales Coordonn\u00e9es de l\u2019\u00e9diteur du siteEI B\u00e9r\u00e9nice HARIVEL71 hameau Carr\u00e9, 50840 Fermanville T\u00e9l&nbsp;:&nbsp;06 74 83&#8230;<\/p>","protected":false},"author":1,"featured_media":0,"parent":0,"menu_order":0,"comment_status":"closed","ping_status":"closed","template":"","meta":{"footnotes":""},"categories":[],"tags":[],"class_list":["post-9641","page","type-page","status-publish","hentry"],"yoast_head":"<!-- This site is optimized with the Yoast SEO plugin v27.4 - https:\/\/yoast.com\/product\/yoast-seo-wordpress\/ -->\n<title>Mentions l\u00e9gales - B\u00e9r\u00e9nice Harivel<\/title>\n<meta name=\"description\" content=\"Mentions l\u00e9gale de l&#039;\u00e9ducatrice sp\u00e9cialis\u00e9e ind\u00e9pendante B\u00e9r\u00e9nice Harivel.\" \/>\n<meta name=\"robots\" content=\"index, follow, max-snippet:-1, max-image-preview:large, max-video-preview:-1\" \/>\n<link rel=\"canonical\" href=\"https:\/\/berenice-harivel.fr\/index.php\/mentions-legales\/\" \/>\n<meta property=\"og:locale\" content=\"fr_FR\" \/>\n<meta property=\"og:type\" content=\"article\" \/>\n<meta property=\"og:title\" content=\"Mentions l\u00e9gales - B\u00e9r\u00e9nice Harivel\" \/>\n<meta property=\"og:description\" content=\"Mentions l\u00e9gale de l&#039;\u00e9ducatrice sp\u00e9cialis\u00e9e ind\u00e9pendante B\u00e9r\u00e9nice Harivel.\" \/>\n<meta property=\"og:url\" content=\"https:\/\/berenice-harivel.fr\/index.php\/mentions-legales\/\" \/>\n<meta property=\"og:site_name\" content=\"B\u00e9r\u00e9nice Harivel\" \/>\n<meta property=\"article:modified_time\" content=\"2024-03-20T15:52:02+00:00\" \/>\n<meta name=\"twitter:card\" content=\"summary_large_image\" \/>\n<meta name=\"twitter:label1\" content=\"Dur\u00e9e de lecture estim\u00e9e\" \/>\n\t<meta name=\"twitter:data1\" content=\"4 minutes\" \/>\n<script type=\"application\/ld+json\" class=\"yoast-schema-graph\">{\"@context\":\"https:\\\/\\\/schema.org\",\"@graph\":[{\"@type\":\"WebPage\",\"@id\":\"https:\\\/\\\/berenice-harivel.fr\\\/index.php\\\/mentions-legales\\\/\",\"url\":\"https:\\\/\\\/berenice-harivel.fr\\\/index.php\\\/mentions-legales\\\/\",\"name\":\"Mentions l\u00e9gales - B\u00e9r\u00e9nice Harivel\",\"isPartOf\":{\"@id\":\"https:\\\/\\\/berenice-harivel.fr\\\/#website\"},\"datePublished\":\"2023-07-25T13:10:59+00:00\",\"dateModified\":\"2024-03-20T15:52:02+00:00\",\"description\":\"Mentions l\u00e9gale de l'\u00e9ducatrice sp\u00e9cialis\u00e9e ind\u00e9pendante B\u00e9r\u00e9nice Harivel.\",\"breadcrumb\":{\"@id\":\"https:\\\/\\\/berenice-harivel.fr\\\/index.php\\\/mentions-legales\\\/#breadcrumb\"},\"inLanguage\":\"fr-FR\",\"potentialAction\":[{\"@type\":\"ReadAction\",\"target\":[\"https:\\\/\\\/berenice-harivel.fr\\\/index.php\\\/mentions-legales\\\/\"]}]},{\"@type\":\"BreadcrumbList\",\"@id\":\"https:\\\/\\\/berenice-harivel.fr\\\/index.php\\\/mentions-legales\\\/#breadcrumb\",\"itemListElement\":[{\"@type\":\"ListItem\",\"position\":1,\"name\":\"Accueil\",\"item\":\"https:\\\/\\\/berenice-harivel.fr\\\/\"},{\"@type\":\"ListItem\",\"position\":2,\"name\":\"Mentions l\u00e9gales\"}]},{\"@type\":\"WebSite\",\"@id\":\"https:\\\/\\\/berenice-harivel.fr\\\/#website\",\"url\":\"https:\\\/\\\/berenice-harivel.fr\\\/\",\"name\":\"B\u00e9r\u00e9nice Harivel\",\"description\":\"\u00c9ducatrice sp\u00e9cialis\u00e9e ind\u00e9pendante\",\"publisher\":{\"@id\":\"https:\\\/\\\/berenice-harivel.fr\\\/#organization\"},\"potentialAction\":[{\"@type\":\"SearchAction\",\"target\":{\"@type\":\"EntryPoint\",\"urlTemplate\":\"https:\\\/\\\/berenice-harivel.fr\\\/?s={search_term_string}\"},\"query-input\":{\"@type\":\"PropertyValueSpecification\",\"valueRequired\":true,\"valueName\":\"search_term_string\"}}],\"inLanguage\":\"fr-FR\"},{\"@type\":\"Organization\",\"@id\":\"https:\\\/\\\/berenice-harivel.fr\\\/#organization\",\"name\":\"B\u00e9r\u00e9nice Harivel\",\"url\":\"https:\\\/\\\/berenice-harivel.fr\\\/\",\"logo\":{\"@type\":\"ImageObject\",\"inLanguage\":\"fr-FR\",\"@id\":\"https:\\\/\\\/berenice-harivel.fr\\\/#\\\/schema\\\/logo\\\/image\\\/\",\"url\":\"\",\"contentUrl\":\"\",\"caption\":\"B\u00e9r\u00e9nice Harivel\"},\"image\":{\"@id\":\"https:\\\/\\\/berenice-harivel.fr\\\/#\\\/schema\\\/logo\\\/image\\\/\"}}]}<\/script>\n<!-- \/ Yoast SEO plugin. -->","yoast_head_json":{"title":"Mentions l\u00e9gales - B\u00e9r\u00e9nice Harivel","description":"Mentions l\u00e9gale de l'\u00e9ducatrice sp\u00e9cialis\u00e9e ind\u00e9pendante B\u00e9r\u00e9nice Harivel.","robots":{"index":"index","follow":"follow","max-snippet":"max-snippet:-1","max-image-preview":"max-image-preview:large","max-video-preview":"max-video-preview:-1"},"canonical":"https:\/\/berenice-harivel.fr\/index.php\/mentions-legales\/","og_locale":"fr_FR","og_type":"article","og_title":"Mentions l\u00e9gales - B\u00e9r\u00e9nice Harivel","og_description":"Mentions l\u00e9gale de l'\u00e9ducatrice sp\u00e9cialis\u00e9e ind\u00e9pendante B\u00e9r\u00e9nice Harivel.","og_url":"https:\/\/berenice-harivel.fr\/index.php\/mentions-legales\/","og_site_name":"B\u00e9r\u00e9nice Harivel","article_modified_time":"2024-03-20T15:52:02+00:00","twitter_card":"summary_large_image","twitter_misc":{"Dur\u00e9e de lecture estim\u00e9e":"4 minutes"},"schema":{"@context":"https:\/\/schema.org","@graph":[{"@type":"WebPage","@id":"https:\/\/berenice-harivel.fr\/index.php\/mentions-legales\/","url":"https:\/\/berenice-harivel.fr\/index.php\/mentions-legales\/","name":"Mentions l\u00e9gales - B\u00e9r\u00e9nice Harivel","isPartOf":{"@id":"https:\/\/berenice-harivel.fr\/#website"},"datePublished":"2023-07-25T13:10:59+00:00","dateModified":"2024-03-20T15:52:02+00:00","description":"Mentions l\u00e9gale de l'\u00e9ducatrice sp\u00e9cialis\u00e9e ind\u00e9pendante B\u00e9r\u00e9nice Harivel.","breadcrumb":{"@id":"https:\/\/berenice-harivel.fr\/index.php\/mentions-legales\/#breadcrumb"},"inLanguage":"fr-FR","potentialAction":[{"@type":"ReadAction","target":["https:\/\/berenice-harivel.fr\/index.php\/mentions-legales\/"]}]},{"@type":"BreadcrumbList","@id":"https:\/\/berenice-harivel.fr\/index.php\/mentions-legales\/#breadcrumb","itemListElement":[{"@type":"ListItem","position":1,"name":"Accueil","item":"https:\/\/berenice-harivel.fr\/"},{"@type":"ListItem","position":2,"name":"Mentions l\u00e9gales"}]},{"@type":"WebSite","@id":"https:\/\/berenice-harivel.fr\/#website","url":"https:\/\/berenice-harivel.fr\/","name":"B\u00e9r\u00e9nice Harivel","description":"\u00c9ducatrice sp\u00e9cialis\u00e9e ind\u00e9pendante","publisher":{"@id":"https:\/\/berenice-harivel.fr\/#organization"},"potentialAction":[{"@type":"SearchAction","target":{"@type":"EntryPoint","urlTemplate":"https:\/\/berenice-harivel.fr\/?s={search_term_string}"},"query-input":{"@type":"PropertyValueSpecification","valueRequired":true,"valueName":"search_term_string"}}],"inLanguage":"fr-FR"},{"@type":"Organization","@id":"https:\/\/berenice-harivel.fr\/#organization","name":"B\u00e9r\u00e9nice Harivel","url":"https:\/\/berenice-harivel.fr\/","logo":{"@type":"ImageObject","inLanguage":"fr-FR","@id":"https:\/\/berenice-harivel.fr\/#\/schema\/logo\/image\/","url":"","contentUrl":"","caption":"B\u00e9r\u00e9nice Harivel"},"image":{"@id":"https:\/\/berenice-harivel.fr\/#\/schema\/logo\/image\/"}}]}},"_links":{"self":[{"href":"https:\/\/berenice-harivel.fr\/index.php\/wp-json\/wp\/v2\/pages\/9641","targetHints":{"allow":["GET"]}}],"collection":[{"href":"https:\/\/berenice-harivel.fr\/index.php\/wp-json\/wp\/v2\/pages"}],"about":[{"href":"https:\/\/berenice-harivel.fr\/index.php\/wp-json\/wp\/v2\/types\/page"}],"author":[{"embeddable":true,"href":"https:\/\/berenice-harivel.fr\/index.php\/wp-json\/wp\/v2\/users\/1"}],"replies":[{"embeddable":true,"href":"https:\/\/berenice-harivel.fr\/index.php\/wp-json\/wp\/v2\/comments?post=9641"}],"version-history":[{"count":5,"href":"https:\/\/berenice-harivel.fr\/index.php\/wp-json\/wp\/v2\/pages\/9641\/revisions"}],"predecessor-version":[{"id":9965,"href":"https:\/\/berenice-harivel.fr\/index.php\/wp-json\/wp\/v2\/pages\/9641\/revisions\/9965"}],"wp:attachment":[{"href":"https:\/\/berenice-harivel.fr\/index.php\/wp-json\/wp\/v2\/media?parent=9641"}],"wp:term":[{"taxonomy":"category","embeddable":true,"href":"https:\/\/berenice-harivel.fr\/index.php\/wp-json\/wp\/v2\/categories?post=9641"},{"taxonomy":"post_tag","embeddable":true,"href":"https:\/\/berenice-harivel.fr\/index.php\/wp-json\/wp\/v2\/tags?post=9641"}],"curies":[{"name":"wp","href":"https:\/\/api.w.org\/{rel}","templated":true}]}}